{"id":1887,"date":"2022-01-18T11:59:21","date_gmt":"2022-01-18T10:59:21","guid":{"rendered":"https:\/\/www.diemmefiltration.com\/sludge-treatment-assistance\/"},"modified":"2024-07-30T11:19:14","modified_gmt":"2024-07-30T09:19:14","slug":"asistencia-tratamiento-lodos","status":"publish","type":"page","link":"https:\/\/www.diemmefiltration.com\/es\/asistencia-tratamiento-lodos\/","title":{"rendered":"Asistencia Cliente"},"content":{"rendered":"<div class=\"wpb-content-wrapper\">[vc_row full_width=\u00bbstretch_row\u00bb content_placement=\u00bbmiddle\u00bb wpex_post_thumbnail_bg=\u00bbtrue\u00bb wpex_bg_overlay=\u00bbcolor\u00bb min_height=\u00bb560px\u00bb css=\u00bb.vc_custom_1643811157395{background-position: 0 0 !important;background-repeat: no-repeat !important;}\u00bb wpex_bg_position=\u00bbcenter center\u00bb wpex_bg_size=\u00bbcover\u00bb wpex_bg_overlay_color=\u00bb#000000&#8243; wpex_bg_overlay_opacity=\u00bb0.3&#8243;][vc_column width=\u00bb5\/6&#8243; offset=\u00bbvc_col-md-8&#8243;]<style>.vcex-heading.vcex_69d0cf20b33ea{color:#ffffff;}<\/style><h1 class=\"vcex-heading vcex-heading-plain vcex-module wpex-heading wpex-text-2xl wpex-h1 vcex_69d0cf20b33ea\"><span class=\"vcex-heading-inner wpex-inline-block\">Asistencia Cliente<\/span><\/h1>[\/vc_column][\/vc_row][vc_row][vc_column]<style>.vcex-breadcrumbs.vcex_69d0cf20b39d8{font-size:14px;}<\/style><nav class=\"vcex-breadcrumbs vcex-breadcrumbs--links-inherit-color vc_custom_1643811357800 vcex_69d0cf20b39d8\"><span class=\"trail-begin\"><a href=\"https:\/\/www.diemmefiltration.com\/es\/\" rel=\"home\"><span>Inicio<\/span><\/a><\/span><\/nav>[\/vc_column][\/vc_row][vc_row css=\u00bb.vc_custom_1720687889530{padding-top: 45px !important;padding-bottom: 30px !important;}\u00bb][vc_column offset=\u00bbvc_col-md-8&#8243;][vc_column_text css=\u00bb\u00bb]\n<div class=\"flex-shrink-0 flex flex-col relative items-end\">\n<div class=\"pt-0\">\n<div class=\"gizmo-bot-avatar flex h-8 w-8 items-center justify-center overflow-hidden rounded-full\">\n<div>Los filtros prensa de Diemme Filtration son fiables, de alto rendimiento y seguros. Para garantizar un <strong>funcionamiento \u00f3ptimo<\/strong> y una larga vida \u00fatil, es importante conocer sus caracter\u00edsticas, proporcionarles los cuidados necesarios y realizar un mantenimiento rutinario. Por eso, nuestro <strong>servicio de asistencia al cliente<\/strong> ofrece soluciones integrales y personalizadas basadas en tres principios clave.<\/div>\n<\/div>\n<\/div>\n<\/div>\n[\/vc_column_text][\/vc_column][\/vc_row][vc_row][vc_column width=\u00bb1\/3&#8243;]<div class=\"vcex-module vcex-teaser vcex-teaser-two wpex-flex wpex-flex-col wpex-text-center wpex-surface-2 wpex-p-20 wpex-rounded\" style=\"background:var(--wpex-palette-21-color);\"><div class=\"vcex-teaser-content\"><h2 class=\"vcex-teaser-heading wpex-heading wpex-text-lg\">Proactividad<\/h2><div class=\"vcex-teaser-text wpex-mt-10 wpex-last-mb-0 wpex-clr\"><p>Gracias a las <strong>tecnolog\u00edas IIoT<\/strong>, supervisamos continuamente el estado, la eficiencia y el consumo energ\u00e9tico de las m\u00e1quinas de su planta. Esto nos permite predecir anomal\u00edas o aver\u00edas y tomar <strong>medidas preventivas<\/strong>, reduciendo as\u00ed el tiempo de inactividad y los posibles costes de reparaci\u00f3n.<\/p>\n<\/div><\/div><\/div>[\/vc_column][vc_column width=\u00bb1\/3&#8243;]<style>.vcex-teaser.vcex_69d0cf20b519d .vcex-teaser-heading{color:#000000;}.vcex-teaser.vcex_69d0cf20b519d .vcex-teaser-content{background:var(--wpex-palette-21-color);}.vcex-teaser.vcex_69d0cf20b519d .vcex-teaser-text{color:var(--wpex-palette-17-color);}<\/style><div class=\"vcex-module vcex-teaser vcex-teaser-two wpex-flex wpex-flex-col wpex-text-center wpex-surface-2 wpex-p-20 wpex-rounded vcex_69d0cf20b519d\" style=\"background:var(--wpex-palette-21-color);\"><div class=\"vcex-teaser-content\"><h2 class=\"vcex-teaser-heading wpex-heading wpex-text-lg\">Colaboraci\u00f3n<\/h2><div class=\"vcex-teaser-text wpex-mt-10 wpex-last-mb-0 wpex-clr\"><p>Proporcionamos asistencia continua y personalizada. Nuestros expertos est\u00e1n disponibles <strong>a distancia<\/strong> por tel\u00e9fono, chat o videollamada para ofrecer asistencia, asesoramiento o formaci\u00f3n, as\u00ed como <strong>in situ<\/strong> para realizar las intervenciones necesarias. Adem\u00e1s, ofrecemos un <strong>programa de formaci\u00f3n<\/strong> para ayudarte a manejar las tareas rutinarias de forma independiente.<\/p>\n<\/div><\/div><\/div>[\/vc_column][vc_column width=\u00bb1\/3&#8243;]<div class=\"vcex-module vcex-teaser vcex-teaser-two wpex-flex wpex-flex-col wpex-text-center wpex-surface-2 wpex-p-20 wpex-rounded\" style=\"background:var(--wpex-palette-21-color);\"><div class=\"vcex-teaser-content\"><h2 class=\"vcex-teaser-heading wpex-heading wpex-text-lg\">Innovaci\u00f3n<\/h2><div class=\"vcex-teaser-text wpex-mt-10 wpex-last-mb-0 wpex-clr\"><p>Nuestro objetivo es ofrecer un servicio excelente personalizado, utilizando todo el potencial de las nuevas tecnolog\u00edas. Por eso utilizamos <strong>herramientas avanzadas de diagn\u00f3stico<\/strong>, <strong>mantenimiento predictivo<\/strong> y <strong>resoluci\u00f3n de problemas<\/strong>. Este enfoque nos permite intervenir eficazmente, reducir riesgos y optimizar el rendimiento de las m\u00e1quinas.<\/p>\n<\/div><\/div><\/div>[\/vc_column][\/vc_row][vc_row gap=\u00bb30&#8243; equal_height=\u00bbyes\u00bb css=\u00bb.vc_custom_1720452583614{margin-bottom: 0px !important;padding-bottom: 0px !important;}\u00bb][vc_column width=\u00bb1\/2&#8243; css=\u00bb.vc_custom_1720452555538{margin-bottom: 0px !important;border-top-width: 2px !important;border-right-width: 2px !important;border-bottom-width: 2px !important;border-left-width: 2px !important;padding-top: 30px !important;padding-right: 30px !important;padding-bottom: 30px !important;padding-left: 30px !important;border-left-style: solid !important;border-right-style: solid !important;border-top-style: solid !important;border-bottom-style: solid !important;border-color: #000000 !important;}\u00bb]<figure class=\"vcex-image vcex-module wpex-text-center\"><div class=\"vcex-image-inner wpex-relative wpex-inline-block\"><img loading=\"lazy\" class=\"vcex-image-img wpex-align-middle\" decoding=\"async\" src=\"https:\/\/www.diemmefiltration.com\/wp-content\/uploads\/2024\/06\/icona-assistenza.png\" alt=\"\" width=\"150\" height=\"151\"><\/div><\/figure>[vc_column_text css=\u00bb.vc_custom_1722330174608{padding-bottom: 30px !important;}\u00bb text_align=\u00bbcenter\u00bb el_class=\u00bbtitolo-assistenza\u00bb]\n<h4 style=\"text-align: center;\"><strong>Soporte<\/strong><\/h4>\n[\/vc_column_text]<a href=\"https:\/\/www.diemmefiltration.com\/es\/solicitud-de-asistencia\/\" class=\"vcex-button theme-button inline\" title=\"Assistance\"><span class=\"vcex-button-inner theme-button-inner wpex-flex wpex-flex-wrap wpex-items-center wpex-justify-center\">Abrir un ticket<span class=\"vcex-button-icon vcex-icon-wrap theme-button-icon-right\"><span aria-hidden=\"true\" class=\"vc-material vc-material-arrow_forward\"><\/span><\/span><\/span><\/a> [\/vc_column][vc_column width=\u00bb1\/2&#8243; css=\u00bb.vc_custom_1721633717725{margin-bottom: 0px !important;padding-top: 40px !important;padding-right: 30px !important;padding-bottom: 30px !important;padding-left: 30px !important;background-color: #0ee5be !important;}\u00bb]<figure class=\"vcex-image vcex-module wpex-text-center\"><div class=\"vcex-image-inner wpex-relative wpex-inline-block vc_custom_1721633793508\"><img loading=\"lazy\" class=\"vcex-image-img wpex-align-middle\" decoding=\"async\" src=\"https:\/\/www.diemmefiltration.com\/wp-content\/uploads\/2024\/07\/Marchio-Aida_Completo-Negativo_WebVideo-RGB-180x175.png\" alt=\"\" srcset=\"https:\/\/www.diemmefiltration.com\/wp-content\/uploads\/2024\/07\/Marchio-Aida_Completo-Negativo_WebVideo-RGB-180x175.png 180w, https:\/\/www.diemmefiltration.com\/wp-content\/uploads\/2024\/07\/Marchio-Aida_Completo-Negativo_WebVideo-RGB-300x292.png 300w, https:\/\/www.diemmefiltration.com\/wp-content\/uploads\/2024\/07\/Marchio-Aida_Completo-Negativo_WebVideo-RGB-180x175@2x.png 360w, https:\/\/www.diemmefiltration.com\/wp-content\/uploads\/2024\/07\/Marchio-Aida_Completo-Negativo_WebVideo-RGB.png 568w, https:\/\/www.diemmefiltration.com\/wp-content\/uploads\/2024\/07\/Marchio-Aida_Completo-Negativo_WebVideo-RGB-180x175@2x.png 2x\" width=\"180\" height=\"175\"><\/div><\/figure><style>.vcex-button.vcex_69d0cf20ba16f:hover{background:var(--wpex-palette-21-color)!important;color:currentColor!important;}.vcex-button.vcex_69d0cf20ba16f{color:var(--wpex-palette-17-color)!important;}<\/style><a href=\"https:\/\/www.diemmefiltration.com\/es\/servicio-aida\/\" class=\"vcex-button theme-button white inline vcex_69d0cf20ba16f\" title=\"Academy\"><span class=\"vcex-button-inner theme-button-inner wpex-flex wpex-flex-wrap wpex-items-center wpex-justify-center\">Descubrir AIDA<span class=\"vcex-button-icon vcex-icon-wrap theme-button-icon-right\"><span aria-hidden=\"true\" class=\"vc-material vc-material-arrow_forward\"><\/span><\/span><\/span><\/a> [\/vc_column][\/vc_row][vc_row gap=\u00bb30&#8243; equal_height=\u00bbyes\u00bb css=\u00bb.vc_custom_1720688313813{margin-top: 0px !important;padding-top: 0px !important;padding-bottom: 80px !important;}\u00bb][vc_column width=\u00bb1\/2&#8243; css=\u00bb.vc_custom_1720449965706{padding-top: 30px !important;padding-right: 30px !important;padding-bottom: 30px !important;padding-left: 30px !important;background-color: #0ee5be !important;}\u00bb]<figure class=\"vcex-image vcex-module wpex-text-center\"><div class=\"vcex-image-inner wpex-relative wpex-inline-block\"><img loading=\"lazy\" class=\"vcex-image-img wpex-align-middle\" decoding=\"async\" src=\"https:\/\/www.diemmefiltration.com\/wp-content\/uploads\/2024\/07\/spare-b.png\" alt=\"\" width=\"150\" height=\"150\"><\/div><\/figure>[vc_column_text css=\u00bb.vc_custom_1722330246103{padding-bottom: 30px !important;}\u00bb text_align=\u00bbcenter\u00bb el_class=\u00bbtitolo-assistenza\u00bb]\n<h4 style=\"text-align: center;\"><span style=\"color: #ffffff;\">Repuestos<\/span><\/h4>\n[\/vc_column_text]<style>.vcex-button.vcex_69d0cf20bb219:hover{background:var(--wpex-palette-21-color)!important;color:currentColor!important;}.vcex-button.vcex_69d0cf20bb219{color:var(--wpex-palette-17-color)!important;}<\/style><a href=\"https:\/\/aqseptence.ricambio.net\/site\/pagece5.wplus?ID_COUNT=ce_5_login&#038;CEPV=Aqseptence002&#038;CEME=2&#038;LN=5&#038;CELN=5\" class=\"vcex-button theme-button white inline vcex_69d0cf20bb219\" target=\"_blank\" rel=\"noopener noreferrer\"><span class=\"vcex-button-inner theme-button-inner wpex-flex wpex-flex-wrap wpex-items-center wpex-justify-center\">Cat\u00e1logo online<span class=\"vcex-button-icon vcex-icon-wrap theme-button-icon-right\"><span aria-hidden=\"true\" class=\"vc-material vc-material-arrow_forward\"><\/span><\/span><\/span><\/a> [\/vc_column][vc_column width=\u00bb1\/2&#8243; css=\u00bb.vc_custom_1720688288113{border-top-width: 2px !important;border-right-width: 2px !important;border-bottom-width: 2px !important;border-left-width: 2px !important;padding-top: 40px !important;padding-right: 30px !important;padding-bottom: 30px !important;padding-left: 30px !important;border-left-style: solid !important;border-right-style: solid !important;border-top-style: solid !important;border-bottom-style: solid !important;border-color: #000000 !important;}\u00bb]<figure class=\"vcex-image vcex-module wpex-text-center\"><div class=\"vcex-image-inner wpex-relative wpex-inline-block vc_custom_1720452255013\"><img loading=\"lazy\" class=\"vcex-image-img wpex-align-middle\" decoding=\"async\" src=\"https:\/\/www.diemmefiltration.com\/wp-content\/uploads\/2022\/02\/MarchioAcademy_NoDefinizione-Colore-RGB-1-150x179.png\" alt=\"\" srcset=\"https:\/\/www.diemmefiltration.com\/wp-content\/uploads\/2022\/02\/MarchioAcademy_NoDefinizione-Colore-RGB-1-150x179.png 150w, https:\/\/www.diemmefiltration.com\/wp-content\/uploads\/2022\/02\/MarchioAcademy_NoDefinizione-Colore-RGB-1-252x300.png 252w, https:\/\/www.diemmefiltration.com\/wp-content\/uploads\/2022\/02\/MarchioAcademy_NoDefinizione-Colore-RGB-1-504x600.png 504w, https:\/\/www.diemmefiltration.com\/wp-content\/uploads\/2022\/02\/MarchioAcademy_NoDefinizione-Colore-RGB-1-120x143.png 120w, https:\/\/www.diemmefiltration.com\/wp-content\/uploads\/2022\/02\/MarchioAcademy_NoDefinizione-Colore-RGB-1-120x143@2x.png 240w, https:\/\/www.diemmefiltration.com\/wp-content\/uploads\/2022\/02\/MarchioAcademy_NoDefinizione-Colore-RGB-1-150x179@2x.png 300w, https:\/\/www.diemmefiltration.com\/wp-content\/uploads\/2022\/02\/MarchioAcademy_NoDefinizione-Colore-RGB-1.png 567w, https:\/\/www.diemmefiltration.com\/wp-content\/uploads\/2022\/02\/MarchioAcademy_NoDefinizione-Colore-RGB-1-150x179@2x.png 2x\" width=\"150\" height=\"179\"><\/div><\/figure><style>.vcex-button.vcex_69d0cf20bd086:hover{background:var(--wpex-accent)!important;color:currentColor!important;}.vcex-button.vcex_69d0cf20bd086{color:currentColor!important;}<\/style><a href=\"https:\/\/academy.diemmefiltration.com\/login\/\" class=\"vcex-button theme-button inline vcex_69d0cf20bd086\" title=\"Academy\" target=\"_blank\" rel=\"noopener noreferrer\"><span class=\"vcex-button-inner theme-button-inner wpex-flex wpex-flex-wrap wpex-items-center wpex-justify-center\">Ir a la Academy<span class=\"vcex-button-icon vcex-icon-wrap theme-button-icon-right\"><span aria-hidden=\"true\" class=\"vc-material vc-material-arrow_forward\"><\/span><\/span><\/span><\/a> [\/vc_column][\/vc_row][vc_row remove_bottom_col_margin=\u00bbtrue\u00bb][vc_column]<div class=\"vcex-shortcode wpex-clr\"><div id=\"contattaci\" class=\"vc_row wpb_row vc_row-fluid vc_row-o-equal-height vc_row-flex wpex-cols-right wpex-vc-full-width-row wpex-vc-full-width-row--centered no-bottom-margins\" style=\"padding-top: 120px; padding-bottom: 150px;\"><div class=\"wpb_column vc_column_container vc_col-sm-6\"><div class=\"vc_column-inner\" style=\"min-height: 250px;\"><div class=\"wpb_wrapper wpex-bg-cover wpex-bg-no-repeat wpex-bg-center wpex-h-100\" style=\"background-image: url(\/wp-content\/uploads\/2023\/02\/richiedi-consulenza-Diemme-3.jpg);\"><\/div><\/div><\/div><div class=\"wpb_column vc_column_container vc_col-sm-6\"><div style=\"min-height: 400px;\" class=\"vc_column-inner\"><div style=\"background-color: #191919; border-width: 50px;\" class=\"wpb_wrapper wpex-h-100 wpex-border-accent wpex-border-solid wpex-p-20 wpex-flex wpex-flex-col wpex-justify-end wpex-items-start\"><h3 class=\"vcex-heading wpex-text-2xl wpex-mb-40 wpex-text-accent\">Desea la opini\u00f3n de nuestros especialistas?<\/h3><a href=\"\/it\/contatti\/\" class=\"vcex-button theme-button inline white-border\"><span class=\"theme-button-inner\">Escr\u00edbenos<span class=\"vcex-icon-wrap theme-button-icon-right\"><span class=\"vc-material vc-material-arrow_forward\"><\/span><\/span><\/span><\/a><\/div><\/div><\/div><\/div><div class=\"vc_row-full-width vc_clearfix\"><\/div><\/div>[\/vc_column][\/vc_row]\n<\/div>","protected":false},"excerpt":{"rendered":"<p>[vc_row full_width=\u00bbstretch_row\u00bb content_placement=\u00bbmiddle\u00bb wpex_post_thumbnail_bg=\u00bbtrue\u00bb wpex_bg_overlay=\u00bbcolor\u00bb min_height=\u00bb560px\u00bb css=\u00bb.vc_custom_1643811157395{background-position: 0 0 !important;background-repeat: no-repeat !important;}\u00bb wpex_bg_position=\u00bbcenter center\u00bb wpex_bg_size=\u00bbcover\u00bb wpex_bg_overlay_color=\u00bb#000000&#8243; wpex_bg_overlay_opacity=\u00bb0.3&#8243;][vc_column width=\u00bb5\/6&#8243; offset=\u00bbvc_col-md-8&#8243;][\/vc_column][\/vc_row][vc_row][vc_column][\/vc_column][\/vc_row][vc_row css=\u00bb.vc_custom_1720687889530{padding-top: 45px !important;padding-bottom: 30px !important;}\u00bb][vc_column offset=\u00bbvc_col-md-8&#8243;][vc_column_text css=\u00bb\u00bb] Los filtros prensa de Diemme Filtration son fiables, de alto rendimiento y seguros. Para garantizar un funcionamiento \u00f3ptimo y una larga vida \u00fatil, es importante conocer sus caracter\u00edsticas, proporcionarles&hellip;<\/p>\n","protected":false},"author":1,"featured_media":1689,"parent":0,"menu_order":0,"comment_status":"closed","ping_status":"closed","template":"","meta":{"_acf_changed":false,"inline_featured_image":false,"footnotes":""},"class_list":["post-1887","page","type-page","status-publish","has-post-thumbnail","hentry","entry","has-media"],"acf":[],"yoast_head":"<!-- This site is optimized with the Yoast SEO plugin v27.3 - https:\/\/yoast.com\/product\/yoast-seo-wordpress\/ -->\n<title>Asistencia para el tratamiento de lodos: m\u00e1xima eficacia con Diemme<\/title>\n<meta name=\"description\" content=\"El servicio postventa a los clientes de Diemme Filtration permite a la empresa tener el mejor rendimiento de su sistema de separaci\u00f3n s\u00f3lido-l\u00edquido.\" \/>\n<meta name=\"robots\" content=\"index, follow, max-snippet:-1, max-image-preview:large, max-video-preview:-1\" \/>\n<meta property=\"og:locale\" content=\"es_ES\" \/>\n<meta property=\"og:type\" content=\"article\" \/>\n<meta property=\"og:title\" content=\"Asistencia para el tratamiento de lodos: m\u00e1xima eficacia con Diemme\" \/>\n<meta property=\"og:description\" content=\"El servicio postventa a los clientes de Diemme Filtration permite a la empresa tener el mejor rendimiento de su sistema de separaci\u00f3n s\u00f3lido-l\u00edquido.\" \/>\n<meta property=\"og:url\" content=\"https:\/\/www.diemmefiltration.com\/es\/asistencia-tratamiento-lodos\/\" \/>\n<meta property=\"og:site_name\" content=\"Diemme Filtration\" \/>\n<meta property=\"article:publisher\" content=\"https:\/\/www.facebook.com\/diemmefiltration\/\" \/>\n<meta property=\"article:modified_time\" content=\"2024-07-30T09:19:14+00:00\" \/>\n<meta property=\"og:image\" content=\"https:\/\/www.diemmefiltration.com\/wp-content\/uploads\/2022\/01\/AFTER-SALES.jpeg\" \/>\n\t<meta property=\"og:image:width\" content=\"1600\" \/>\n\t<meta property=\"og:image:height\" content=\"759\" \/>\n\t<meta property=\"og:image:type\" content=\"image\/jpeg\" \/>\n<meta name=\"twitter:card\" content=\"summary_large_image\" \/>\n<script type=\"application\/ld+json\" class=\"yoast-schema-graph\">{\"@context\":\"https:\\\/\\\/schema.org\",\"@graph\":[{\"@type\":\"WebPage\",\"@id\":\"https:\\\/\\\/www.diemmefiltration.com\\\/es\\\/asistencia-tratamiento-lodos\\\/\",\"url\":\"https:\\\/\\\/www.diemmefiltration.com\\\/es\\\/asistencia-tratamiento-lodos\\\/\",\"name\":\"Asistencia para el tratamiento de lodos: m\u00e1xima eficacia con Diemme\",\"isPartOf\":{\"@id\":\"https:\\\/\\\/www.diemmefiltration.com\\\/es\\\/#website\"},\"primaryImageOfPage\":{\"@id\":\"https:\\\/\\\/www.diemmefiltration.com\\\/es\\\/asistencia-tratamiento-lodos\\\/#primaryimage\"},\"image\":{\"@id\":\"https:\\\/\\\/www.diemmefiltration.com\\\/es\\\/asistencia-tratamiento-lodos\\\/#primaryimage\"},\"thumbnailUrl\":\"https:\\\/\\\/www.diemmefiltration.com\\\/wp-content\\\/uploads\\\/2022\\\/01\\\/AFTER-SALES.jpeg\",\"datePublished\":\"2022-01-18T10:59:21+00:00\",\"dateModified\":\"2024-07-30T09:19:14+00:00\",\"description\":\"El servicio postventa a los clientes de Diemme Filtration permite a la empresa tener el mejor rendimiento de su sistema de separaci\u00f3n s\u00f3lido-l\u00edquido.\",\"breadcrumb\":{\"@id\":\"https:\\\/\\\/www.diemmefiltration.com\\\/es\\\/asistencia-tratamiento-lodos\\\/#breadcrumb\"},\"inLanguage\":\"es\",\"potentialAction\":[{\"@type\":\"ReadAction\",\"target\":[\"https:\\\/\\\/www.diemmefiltration.com\\\/es\\\/asistencia-tratamiento-lodos\\\/\"]}]},{\"@type\":\"ImageObject\",\"inLanguage\":\"es\",\"@id\":\"https:\\\/\\\/www.diemmefiltration.com\\\/es\\\/asistencia-tratamiento-lodos\\\/#primaryimage\",\"url\":\"https:\\\/\\\/www.diemmefiltration.com\\\/wp-content\\\/uploads\\\/2022\\\/01\\\/AFTER-SALES.jpeg\",\"contentUrl\":\"https:\\\/\\\/www.diemmefiltration.com\\\/wp-content\\\/uploads\\\/2022\\\/01\\\/AFTER-SALES.jpeg\",\"width\":1600,\"height\":759},{\"@type\":\"BreadcrumbList\",\"@id\":\"https:\\\/\\\/www.diemmefiltration.com\\\/es\\\/asistencia-tratamiento-lodos\\\/#breadcrumb\",\"itemListElement\":[{\"@type\":\"ListItem\",\"position\":1,\"name\":\"Home\",\"item\":\"https:\\\/\\\/www.diemmefiltration.com\\\/es\\\/\"},{\"@type\":\"ListItem\",\"position\":2,\"name\":\"Asistencia Cliente\"}]},{\"@type\":\"WebSite\",\"@id\":\"https:\\\/\\\/www.diemmefiltration.com\\\/es\\\/#website\",\"url\":\"https:\\\/\\\/www.diemmefiltration.com\\\/es\\\/\",\"name\":\"Diemme Filtration\",\"description\":\"\",\"publisher\":{\"@id\":\"https:\\\/\\\/www.diemmefiltration.com\\\/es\\\/#organization\"},\"potentialAction\":[{\"@type\":\"SearchAction\",\"target\":{\"@type\":\"EntryPoint\",\"urlTemplate\":\"https:\\\/\\\/www.diemmefiltration.com\\\/es\\\/?s={search_term_string}\"},\"query-input\":{\"@type\":\"PropertyValueSpecification\",\"valueRequired\":true,\"valueName\":\"search_term_string\"}}],\"inLanguage\":\"es\"},{\"@type\":\"Organization\",\"@id\":\"https:\\\/\\\/www.diemmefiltration.com\\\/es\\\/#organization\",\"name\":\"Aqseptence Group Srl (Diemme Filtration)\",\"url\":\"https:\\\/\\\/www.diemmefiltration.com\\\/es\\\/\",\"logo\":{\"@type\":\"ImageObject\",\"inLanguage\":\"es\",\"@id\":\"https:\\\/\\\/www.diemmefiltration.com\\\/es\\\/#\\\/schema\\\/logo\\\/image\\\/\",\"url\":\"https:\\\/\\\/www.diemmefiltration.com\\\/wp-content\\\/uploads\\\/2022\\\/01\\\/diemme-filtration.png\",\"contentUrl\":\"https:\\\/\\\/www.diemmefiltration.com\\\/wp-content\\\/uploads\\\/2022\\\/01\\\/diemme-filtration.png\",\"width\":359,\"height\":188,\"caption\":\"Aqseptence Group Srl (Diemme Filtration)\"},\"image\":{\"@id\":\"https:\\\/\\\/www.diemmefiltration.com\\\/es\\\/#\\\/schema\\\/logo\\\/image\\\/\"},\"sameAs\":[\"https:\\\/\\\/www.facebook.com\\\/diemmefiltration\\\/\",\"https:\\\/\\\/www.instagram.com\\\/diemmefiltration\\\/\",\"https:\\\/\\\/it.linkedin.com\\\/company\\\/diemme-filtration\\\/\",\"https:\\\/\\\/www.youtube.com\\\/channel\\\/UCikKsHCOe_iBLGg9k_1yr8g\\\/\"]}]}<\/script>\n<!-- \/ Yoast SEO plugin. -->","yoast_head_json":{"title":"Asistencia para el tratamiento de lodos: m\u00e1xima eficacia con Diemme","description":"El servicio postventa a los clientes de Diemme Filtration permite a la empresa tener el mejor rendimiento de su sistema de separaci\u00f3n s\u00f3lido-l\u00edquido.","robots":{"index":"index","follow":"follow","max-snippet":"max-snippet:-1","max-image-preview":"max-image-preview:large","max-video-preview":"max-video-preview:-1"},"og_locale":"es_ES","og_type":"article","og_title":"Asistencia para el tratamiento de lodos: m\u00e1xima eficacia con Diemme","og_description":"El servicio postventa a los clientes de Diemme Filtration permite a la empresa tener el mejor rendimiento de su sistema de separaci\u00f3n s\u00f3lido-l\u00edquido.","og_url":"https:\/\/www.diemmefiltration.com\/es\/asistencia-tratamiento-lodos\/","og_site_name":"Diemme Filtration","article_publisher":"https:\/\/www.facebook.com\/diemmefiltration\/","article_modified_time":"2024-07-30T09:19:14+00:00","og_image":[{"width":1600,"height":759,"url":"https:\/\/www.diemmefiltration.com\/wp-content\/uploads\/2022\/01\/AFTER-SALES.jpeg","type":"image\/jpeg"}],"twitter_card":"summary_large_image","schema":{"@context":"https:\/\/schema.org","@graph":[{"@type":"WebPage","@id":"https:\/\/www.diemmefiltration.com\/es\/asistencia-tratamiento-lodos\/","url":"https:\/\/www.diemmefiltration.com\/es\/asistencia-tratamiento-lodos\/","name":"Asistencia para el tratamiento de lodos: m\u00e1xima eficacia con Diemme","isPartOf":{"@id":"https:\/\/www.diemmefiltration.com\/es\/#website"},"primaryImageOfPage":{"@id":"https:\/\/www.diemmefiltration.com\/es\/asistencia-tratamiento-lodos\/#primaryimage"},"image":{"@id":"https:\/\/www.diemmefiltration.com\/es\/asistencia-tratamiento-lodos\/#primaryimage"},"thumbnailUrl":"https:\/\/www.diemmefiltration.com\/wp-content\/uploads\/2022\/01\/AFTER-SALES.jpeg","datePublished":"2022-01-18T10:59:21+00:00","dateModified":"2024-07-30T09:19:14+00:00","description":"El servicio postventa a los clientes de Diemme Filtration permite a la empresa tener el mejor rendimiento de su sistema de separaci\u00f3n s\u00f3lido-l\u00edquido.","breadcrumb":{"@id":"https:\/\/www.diemmefiltration.com\/es\/asistencia-tratamiento-lodos\/#breadcrumb"},"inLanguage":"es","potentialAction":[{"@type":"ReadAction","target":["https:\/\/www.diemmefiltration.com\/es\/asistencia-tratamiento-lodos\/"]}]},{"@type":"ImageObject","inLanguage":"es","@id":"https:\/\/www.diemmefiltration.com\/es\/asistencia-tratamiento-lodos\/#primaryimage","url":"https:\/\/www.diemmefiltration.com\/wp-content\/uploads\/2022\/01\/AFTER-SALES.jpeg","contentUrl":"https:\/\/www.diemmefiltration.com\/wp-content\/uploads\/2022\/01\/AFTER-SALES.jpeg","width":1600,"height":759},{"@type":"BreadcrumbList","@id":"https:\/\/www.diemmefiltration.com\/es\/asistencia-tratamiento-lodos\/#breadcrumb","itemListElement":[{"@type":"ListItem","position":1,"name":"Home","item":"https:\/\/www.diemmefiltration.com\/es\/"},{"@type":"ListItem","position":2,"name":"Asistencia Cliente"}]},{"@type":"WebSite","@id":"https:\/\/www.diemmefiltration.com\/es\/#website","url":"https:\/\/www.diemmefiltration.com\/es\/","name":"Diemme Filtration","description":"","publisher":{"@id":"https:\/\/www.diemmefiltration.com\/es\/#organization"},"potentialAction":[{"@type":"SearchAction","target":{"@type":"EntryPoint","urlTemplate":"https:\/\/www.diemmefiltration.com\/es\/?s={search_term_string}"},"query-input":{"@type":"PropertyValueSpecification","valueRequired":true,"valueName":"search_term_string"}}],"inLanguage":"es"},{"@type":"Organization","@id":"https:\/\/www.diemmefiltration.com\/es\/#organization","name":"Aqseptence Group Srl (Diemme Filtration)","url":"https:\/\/www.diemmefiltration.com\/es\/","logo":{"@type":"ImageObject","inLanguage":"es","@id":"https:\/\/www.diemmefiltration.com\/es\/#\/schema\/logo\/image\/","url":"https:\/\/www.diemmefiltration.com\/wp-content\/uploads\/2022\/01\/diemme-filtration.png","contentUrl":"https:\/\/www.diemmefiltration.com\/wp-content\/uploads\/2022\/01\/diemme-filtration.png","width":359,"height":188,"caption":"Aqseptence Group Srl (Diemme Filtration)"},"image":{"@id":"https:\/\/www.diemmefiltration.com\/es\/#\/schema\/logo\/image\/"},"sameAs":["https:\/\/www.facebook.com\/diemmefiltration\/","https:\/\/www.instagram.com\/diemmefiltration\/","https:\/\/it.linkedin.com\/company\/diemme-filtration\/","https:\/\/www.youtube.com\/channel\/UCikKsHCOe_iBLGg9k_1yr8g\/"]}]}},"_links":{"self":[{"href":"https:\/\/www.diemmefiltration.com\/es\/wp-json\/wp\/v2\/pages\/1887","targetHints":{"allow":["GET"]}}],"collection":[{"href":"https:\/\/www.diemmefiltration.com\/es\/wp-json\/wp\/v2\/pages"}],"about":[{"href":"https:\/\/www.diemmefiltration.com\/es\/wp-json\/wp\/v2\/types\/page"}],"author":[{"embeddable":true,"href":"https:\/\/www.diemmefiltration.com\/es\/wp-json\/wp\/v2\/users\/1"}],"replies":[{"embeddable":true,"href":"https:\/\/www.diemmefiltration.com\/es\/wp-json\/wp\/v2\/comments?post=1887"}],"version-history":[{"count":3,"href":"https:\/\/www.diemmefiltration.com\/es\/wp-json\/wp\/v2\/pages\/1887\/revisions"}],"predecessor-version":[{"id":8344,"href":"https:\/\/www.diemmefiltration.com\/es\/wp-json\/wp\/v2\/pages\/1887\/revisions\/8344"}],"wp:featuredmedia":[{"embeddable":true,"href":"https:\/\/www.diemmefiltration.com\/es\/wp-json\/wp\/v2\/media\/1689"}],"wp:attachment":[{"href":"https:\/\/www.diemmefiltration.com\/es\/wp-json\/wp\/v2\/media?parent=1887"}],"curies":[{"name":"wp","href":"https:\/\/api.w.org\/{rel}","templated":true}]}}