{"id":4545,"date":"2022-01-18T12:01:06","date_gmt":"2022-01-18T11:01:06","guid":{"rendered":"https:\/\/www.diemmefiltration.com\/download\/"},"modified":"2025-03-18T15:45:38","modified_gmt":"2025-03-18T14:45:38","slug":"telechargement","status":"publish","type":"page","link":"https:\/\/www.diemmefiltration.com\/fr\/telechargement\/","title":{"rendered":"T\u00e9l\u00e9chargement"},"content":{"rendered":"<div class=\"wpb-content-wrapper\">[vc_row][vc_column]<style>.vcex-breadcrumbs.vcex_69d92b3100dad{font-size:14px;}<\/style><nav class=\"vcex-breadcrumbs vcex-breadcrumbs--links-inherit-color wpex-mb-40 vc_custom_1644222626347 vcex_69d92b3100dad\"><span class=\"trail-begin\"><a href=\"https:\/\/www.diemmefiltration.com\/fr\/\" rel=\"home\"><span>Home<\/span><\/a><\/span><\/nav><h1 class=\"vcex-heading vcex-heading-plain vcex-module wpex-heading wpex-text-2xl wpex-h1 wpex-mb-50 wpex-text-center\"><span class=\"vcex-heading-inner wpex-inline-block\">T\u00e9l\u00e9chargement<\/span><\/h1>[\/vc_column][\/vc_row][vc_row css=\u00a0\u00bb.vc_custom_1644395982418{padding-bottom: 30px !important;}\u00a0\u00bb][vc_column width=\u00a0\u00bb5\/6&Prime; offset=\u00a0\u00bbvc_col-md-8&Prime;][vc_column_text css=\u00a0\u00bb.vc_custom_1670409555717{margin-bottom: 30px !important;}\u00a0\u00bb]Vous pouvez t\u00e9l\u00e9charger les fiches produits des filtres-presses et \u00e9paississeurs de Diemme Filtration ci-dessous.[\/vc_column_text][\/vc_column][vc_column]<style>.vcex-icon-box.vcex_69d92b31032ef .vcex-icon-box-content{color:var(--wpex-accent);}.vcex-icon-box.vcex_69d92b31032ef .vcex-icon-box-heading{margin-bottom:0px;color:#191919;font-size:18px;font-family:'Roboto Slab', sans-serif;font-weight:400;}.vcex-icon-box.vcex_69d92b31032ef .vcex-icon-box-image{width:45px;}<\/style><a class=\"vcex-module vcex-icon-box vcex-icon-box-one vcex-icon-box-has-link wpex-inherit-color wpex-no-underline wpex-flex wpex-items-center wpex-mb-30 wpex-text-left vcex_69d92b31032ef\" href=\"https:\/\/www.diemmefiltration.com\/wp-content\/uploads\/2024\/09\/scheda-Automat-FRA.pdf\" target=\"_blank\" rel=\"noopener noreferrer\"><div class=\"vcex-icon-box-symbol vcex-icon-box-symbol--image wpex-flex-shrink-0 wpex-mr-20\"><img loading=\"lazy\" class=\"vcex-icon-box-image wpex-align-middle\" decoding=\"async\" src=\"https:\/\/www.diemmefiltration.com\/wp-content\/uploads\/2022\/02\/mdi_download-outline-45x45.png\" alt=\"\" srcset=\"https:\/\/www.diemmefiltration.com\/wp-content\/uploads\/2022\/02\/mdi_download-outline-45x45.png 45w, https:\/\/www.diemmefiltration.com\/wp-content\/uploads\/2022\/02\/mdi_download-outline.png 90w, https:\/\/www.diemmefiltration.com\/wp-content\/uploads\/2022\/02\/mdi_download-outline-45x45@2x.png 2x\" width=\"45\" height=\"45\"><\/div><div class=\"vcex-icon-box-text wpex-flex-grow\"><div class=\"vcex-icon-box-heading wpex-heading\">Automat<\/div><div class=\"vcex-icon-box-content wpex-last-mb-0 wpex-clr\"><p>T\u00e9l\u00e9charger (PDF)<\/p>\n<\/div><\/div><\/a><style>.vcex-icon-box.vcex_69d92b31050b2 .vcex-icon-box-content{color:var(--wpex-accent);}.vcex-icon-box.vcex_69d92b31050b2 .vcex-icon-box-heading{margin-bottom:0px;color:#191919;font-size:18px;font-family:'Roboto Slab', sans-serif;font-weight:400;}.vcex-icon-box.vcex_69d92b31050b2 .vcex-icon-box-image{width:45px;}<\/style><a class=\"vcex-module vcex-icon-box vcex-icon-box-one vcex-icon-box-has-link wpex-inherit-color wpex-no-underline wpex-flex wpex-items-center wpex-mb-30 wpex-text-left vcex_69d92b31050b2\" href=\"https:\/\/www.diemmefiltration.com\/wp-content\/uploads\/2022\/12\/GHS_Fra.pdf\" target=\"_blank\" rel=\"noopener noreferrer\"><div class=\"vcex-icon-box-symbol vcex-icon-box-symbol--image wpex-flex-shrink-0 wpex-mr-20\"><img loading=\"lazy\" class=\"vcex-icon-box-image wpex-align-middle\" decoding=\"async\" src=\"https:\/\/www.diemmefiltration.com\/wp-content\/uploads\/2022\/02\/mdi_download-outline-45x45.png\" alt=\"\" srcset=\"https:\/\/www.diemmefiltration.com\/wp-content\/uploads\/2022\/02\/mdi_download-outline-45x45.png 45w, https:\/\/www.diemmefiltration.com\/wp-content\/uploads\/2022\/02\/mdi_download-outline.png 90w, https:\/\/www.diemmefiltration.com\/wp-content\/uploads\/2022\/02\/mdi_download-outline-45x45@2x.png 2x\" width=\"45\" height=\"45\"><\/div><div class=\"vcex-icon-box-text wpex-flex-grow\"><div class=\"vcex-icon-box-heading wpex-heading\">GHS<\/div><div class=\"vcex-icon-box-content wpex-last-mb-0 wpex-clr\"><p>T\u00e9l\u00e9charger (PDF)<\/p>\n<\/div><\/div><\/a><style>.vcex-icon-box.vcex_69d92b3105c5a .vcex-icon-box-content{color:var(--wpex-accent);}.vcex-icon-box.vcex_69d92b3105c5a .vcex-icon-box-heading{margin-bottom:0px;color:#191919;font-size:18px;font-family:'Roboto Slab', sans-serif;font-weight:400;}.vcex-icon-box.vcex_69d92b3105c5a .vcex-icon-box-image{width:45px;}<\/style><a class=\"vcex-module vcex-icon-box vcex-icon-box-one vcex-icon-box-has-link wpex-inherit-color wpex-no-underline wpex-flex wpex-items-center wpex-mb-30 wpex-text-left vcex_69d92b3105c5a\" href=\"https:\/\/www.diemmefiltration.com\/wp-content\/uploads\/2024\/09\/scheda-GHT_F-DIEMME-ENG.pdf\" target=\"_blank\" rel=\"noopener noreferrer\"><div class=\"vcex-icon-box-symbol vcex-icon-box-symbol--image wpex-flex-shrink-0 wpex-mr-20\"><img loading=\"lazy\" class=\"vcex-icon-box-image wpex-align-middle\" decoding=\"async\" src=\"https:\/\/www.diemmefiltration.com\/wp-content\/uploads\/2022\/02\/mdi_download-outline-45x45.png\" alt=\"\" srcset=\"https:\/\/www.diemmefiltration.com\/wp-content\/uploads\/2022\/02\/mdi_download-outline-45x45.png 45w, https:\/\/www.diemmefiltration.com\/wp-content\/uploads\/2022\/02\/mdi_download-outline.png 90w, https:\/\/www.diemmefiltration.com\/wp-content\/uploads\/2022\/02\/mdi_download-outline-45x45@2x.png 2x\" width=\"45\" height=\"45\"><\/div><div class=\"vcex-icon-box-text wpex-flex-grow\"><div class=\"vcex-icon-box-heading wpex-heading\">GHT-F<\/div><div class=\"vcex-icon-box-content wpex-last-mb-0 wpex-clr\"><p>T\u00e9l\u00e9charger (PDF)<\/p>\n<\/div><\/div><\/a><style>.vcex-icon-box.vcex_69d92b310670b .vcex-icon-box-content{color:var(--wpex-accent);}.vcex-icon-box.vcex_69d92b310670b .vcex-icon-box-heading{margin-bottom:0px;color:#191919;font-size:18px;font-family:'Roboto Slab', sans-serif;font-weight:400;}.vcex-icon-box.vcex_69d92b310670b .vcex-icon-box-image{width:45px;}<\/style><a class=\"vcex-module vcex-icon-box vcex-icon-box-one vcex-icon-box-has-link wpex-inherit-color wpex-no-underline wpex-flex wpex-items-center wpex-mb-30 wpex-text-left vcex_69d92b310670b\" href=\"https:\/\/www.diemmefiltration.com\/wp-content\/uploads\/2024\/09\/scheda-GHT_5000_F_ENG.pdf\" target=\"_blank\" rel=\"noopener noreferrer\"><div class=\"vcex-icon-box-symbol vcex-icon-box-symbol--image wpex-flex-shrink-0 wpex-mr-20\"><img loading=\"lazy\" class=\"vcex-icon-box-image wpex-align-middle\" decoding=\"async\" src=\"https:\/\/www.diemmefiltration.com\/wp-content\/uploads\/2022\/02\/mdi_download-outline-45x45.png\" alt=\"\" srcset=\"https:\/\/www.diemmefiltration.com\/wp-content\/uploads\/2022\/02\/mdi_download-outline-45x45.png 45w, https:\/\/www.diemmefiltration.com\/wp-content\/uploads\/2022\/02\/mdi_download-outline.png 90w, https:\/\/www.diemmefiltration.com\/wp-content\/uploads\/2022\/02\/mdi_download-outline-45x45@2x.png 2x\" width=\"45\" height=\"45\"><\/div><div class=\"vcex-icon-box-text wpex-flex-grow\"><div class=\"vcex-icon-box-heading wpex-heading\">GHT5000F Domino<\/div><div class=\"vcex-icon-box-content wpex-last-mb-0 wpex-clr\"><p>T\u00e9l\u00e9charger (PDF)<\/p>\n<\/div><\/div><\/a><style>.vcex-icon-box.vcex_69d92b3107143 .vcex-icon-box-content{color:var(--wpex-accent);}.vcex-icon-box.vcex_69d92b3107143 .vcex-icon-box-heading{margin-bottom:0px;color:#191919;font-size:18px;font-family:'Roboto Slab', sans-serif;font-weight:400;}.vcex-icon-box.vcex_69d92b3107143 .vcex-icon-box-image{width:45px;}<\/style><a class=\"vcex-module vcex-icon-box vcex-icon-box-one vcex-icon-box-has-link wpex-inherit-color wpex-no-underline wpex-flex wpex-items-center wpex-mb-30 wpex-text-left vcex_69d92b3107143\" href=\"https:\/\/www.diemmefiltration.com\/wp-content\/uploads\/2024\/09\/scheda-GHT-DIEMME-FRA.pdf\" target=\"_blank\" rel=\"noopener noreferrer\"><div class=\"vcex-icon-box-symbol vcex-icon-box-symbol--image wpex-flex-shrink-0 wpex-mr-20\"><img loading=\"lazy\" class=\"vcex-icon-box-image wpex-align-middle\" decoding=\"async\" src=\"https:\/\/www.diemmefiltration.com\/wp-content\/uploads\/2022\/02\/mdi_download-outline-45x45.png\" alt=\"\" srcset=\"https:\/\/www.diemmefiltration.com\/wp-content\/uploads\/2022\/02\/mdi_download-outline-45x45.png 45w, https:\/\/www.diemmefiltration.com\/wp-content\/uploads\/2022\/02\/mdi_download-outline.png 90w, https:\/\/www.diemmefiltration.com\/wp-content\/uploads\/2022\/02\/mdi_download-outline-45x45@2x.png 2x\" width=\"45\" height=\"45\"><\/div><div class=\"vcex-icon-box-text wpex-flex-grow\"><div class=\"vcex-icon-box-heading wpex-heading\">GHT-P<\/div><div class=\"vcex-icon-box-content wpex-last-mb-0 wpex-clr\"><p>T\u00e9l\u00e9charger (PDF)<\/p>\n<\/div><\/div><\/a><style>.vcex-icon-box.vcex_69d92b3107b75 .vcex-icon-box-content{color:var(--wpex-accent);}.vcex-icon-box.vcex_69d92b3107b75 .vcex-icon-box-heading{margin-bottom:0px;color:#191919;font-size:18px;font-family:'Roboto Slab', sans-serif;font-weight:400;}.vcex-icon-box.vcex_69d92b3107b75 .vcex-icon-box-image{width:45px;}<\/style><a class=\"vcex-module vcex-icon-box vcex-icon-box-one vcex-icon-box-has-link wpex-inherit-color wpex-no-underline wpex-flex wpex-items-center wpex-mb-30 wpex-text-left vcex_69d92b3107b75\" href=\"https:\/\/www.diemmefiltration.com\/wp-content\/uploads\/2024\/09\/scheda-KE-FRA.pdf\" target=\"_blank\" rel=\"noopener noreferrer\"><div class=\"vcex-icon-box-symbol vcex-icon-box-symbol--image wpex-flex-shrink-0 wpex-mr-20\"><img loading=\"lazy\" class=\"vcex-icon-box-image wpex-align-middle\" decoding=\"async\" src=\"https:\/\/www.diemmefiltration.com\/wp-content\/uploads\/2022\/02\/mdi_download-outline-45x45.png\" alt=\"\" srcset=\"https:\/\/www.diemmefiltration.com\/wp-content\/uploads\/2022\/02\/mdi_download-outline-45x45.png 45w, https:\/\/www.diemmefiltration.com\/wp-content\/uploads\/2022\/02\/mdi_download-outline.png 90w, https:\/\/www.diemmefiltration.com\/wp-content\/uploads\/2022\/02\/mdi_download-outline-45x45@2x.png 2x\" width=\"45\" height=\"45\"><\/div><div class=\"vcex-icon-box-text wpex-flex-grow\"><div class=\"vcex-icon-box-heading wpex-heading\">KE<\/div><div class=\"vcex-icon-box-content wpex-last-mb-0 wpex-clr\"><p>T\u00e9l\u00e9charger (PDF)<\/p>\n<\/div><\/div><\/a><style>.vcex-icon-box.vcex_69d92b3108586 .vcex-icon-box-content{color:var(--wpex-accent);}.vcex-icon-box.vcex_69d92b3108586 .vcex-icon-box-heading{margin-bottom:0px;color:#191919;font-size:18px;font-family:'Roboto Slab', sans-serif;font-weight:400;}.vcex-icon-box.vcex_69d92b3108586 .vcex-icon-box-image{width:45px;}<\/style><a class=\"vcex-module vcex-icon-box vcex-icon-box-one vcex-icon-box-has-link wpex-inherit-color wpex-no-underline wpex-flex wpex-items-center wpex-mb-30 wpex-text-left vcex_69d92b3108586\" href=\"https:\/\/www.diemmefiltration.com\/wp-content\/uploads\/2024\/09\/scheda-ME-DIEMME-FRA.pdf\" target=\"_blank\" rel=\"noopener noreferrer\"><div class=\"vcex-icon-box-symbol vcex-icon-box-symbol--image wpex-flex-shrink-0 wpex-mr-20\"><img loading=\"lazy\" class=\"vcex-icon-box-image wpex-align-middle\" decoding=\"async\" src=\"https:\/\/www.diemmefiltration.com\/wp-content\/uploads\/2022\/02\/mdi_download-outline-45x45.png\" alt=\"\" srcset=\"https:\/\/www.diemmefiltration.com\/wp-content\/uploads\/2022\/02\/mdi_download-outline-45x45.png 45w, https:\/\/www.diemmefiltration.com\/wp-content\/uploads\/2022\/02\/mdi_download-outline.png 90w, https:\/\/www.diemmefiltration.com\/wp-content\/uploads\/2022\/02\/mdi_download-outline-45x45@2x.png 2x\" width=\"45\" height=\"45\"><\/div><div class=\"vcex-icon-box-text wpex-flex-grow\"><div class=\"vcex-icon-box-heading wpex-heading\">ME<\/div><div class=\"vcex-icon-box-content wpex-last-mb-0 wpex-clr\"><p>T\u00e9l\u00e9charger (PDF)<\/p>\n<\/div><\/div><\/a><style>.vcex-icon-box.vcex_69d92b3108f3b .vcex-icon-box-content{color:var(--wpex-accent);}.vcex-icon-box.vcex_69d92b3108f3b .vcex-icon-box-heading{margin-bottom:0px;color:#191919;font-size:18px;font-family:'Roboto Slab', sans-serif;font-weight:400;}.vcex-icon-box.vcex_69d92b3108f3b .vcex-icon-box-image{width:45px;}<\/style><a class=\"vcex-module vcex-icon-box vcex-icon-box-one vcex-icon-box-has-link wpex-inherit-color wpex-no-underline wpex-flex wpex-items-center wpex-mb-30 wpex-text-left vcex_69d92b3108f3b\" href=\"https:\/\/www.diemmefiltration.com\/wp-content\/uploads\/2025\/03\/scheda-inspessitori-DIEMME-ENG.pdf\" target=\"_blank\" rel=\"noopener noreferrer\"><div class=\"vcex-icon-box-symbol vcex-icon-box-symbol--image wpex-flex-shrink-0 wpex-mr-20\"><img loading=\"lazy\" class=\"vcex-icon-box-image wpex-align-middle\" decoding=\"async\" src=\"https:\/\/www.diemmefiltration.com\/wp-content\/uploads\/2022\/02\/mdi_download-outline-45x45.png\" alt=\"\" srcset=\"https:\/\/www.diemmefiltration.com\/wp-content\/uploads\/2022\/02\/mdi_download-outline-45x45.png 45w, https:\/\/www.diemmefiltration.com\/wp-content\/uploads\/2022\/02\/mdi_download-outline.png 90w, https:\/\/www.diemmefiltration.com\/wp-content\/uploads\/2022\/02\/mdi_download-outline-45x45@2x.png 2x\" width=\"45\" height=\"45\"><\/div><div class=\"vcex-icon-box-text wpex-flex-grow\"><div class=\"vcex-icon-box-heading wpex-heading\">\u00c9paississeurs<\/div><div class=\"vcex-icon-box-content wpex-last-mb-0 wpex-clr\"><p>T\u00e9l\u00e9charger (PDF)<\/p>\n<\/div><\/div><\/a><style>.vcex-icon-box.vcex_69d92b31098f4 .vcex-icon-box-content{color:var(--wpex-accent);}.vcex-icon-box.vcex_69d92b31098f4 .vcex-icon-box-heading{margin-bottom:0px;color:#191919;font-size:18px;font-family:'Roboto Slab', sans-serif;font-weight:400;}.vcex-icon-box.vcex_69d92b31098f4 .vcex-icon-box-image{width:45px;}<\/style><a class=\"vcex-module vcex-icon-box vcex-icon-box-one vcex-icon-box-has-link wpex-inherit-color wpex-no-underline wpex-flex wpex-items-center wpex-mb-30 wpex-text-left vcex_69d92b31098f4\" href=\"https:\/\/www.diemmefiltration.com\/wp-content\/uploads\/2022\/08\/Flyer_en.pdf\" target=\"_blank\" rel=\"noopener noreferrer\"><div class=\"vcex-icon-box-symbol vcex-icon-box-symbol--image wpex-flex-shrink-0 wpex-mr-20\"><img loading=\"lazy\" class=\"vcex-icon-box-image wpex-align-middle\" decoding=\"async\" src=\"https:\/\/www.diemmefiltration.com\/wp-content\/uploads\/2022\/02\/mdi_download-outline-45x45.png\" alt=\"\" srcset=\"https:\/\/www.diemmefiltration.com\/wp-content\/uploads\/2022\/02\/mdi_download-outline-45x45.png 45w, https:\/\/www.diemmefiltration.com\/wp-content\/uploads\/2022\/02\/mdi_download-outline.png 90w, https:\/\/www.diemmefiltration.com\/wp-content\/uploads\/2022\/02\/mdi_download-outline-45x45@2x.png 2x\" width=\"45\" height=\"45\"><\/div><div class=\"vcex-icon-box-text wpex-flex-grow\"><div class=\"vcex-icon-box-heading wpex-heading\">Ligne de filtre-presse<\/div><div class=\"vcex-icon-box-content wpex-last-mb-0 wpex-clr\"><p>T\u00e9l\u00e9charger (PDF)<\/p>\n<\/div><\/div><\/a><style>.vcex-icon-box.vcex_69d92b310a3f7 .vcex-icon-box-content{color:var(--wpex-accent);}.vcex-icon-box.vcex_69d92b310a3f7 .vcex-icon-box-heading{margin-bottom:0px;color:#191919;font-size:18px;font-family:'Roboto Slab', sans-serif;font-weight:400;}.vcex-icon-box.vcex_69d92b310a3f7 .vcex-icon-box-image{width:45px;}<\/style><a class=\"vcex-module vcex-icon-box vcex-icon-box-one vcex-icon-box-has-link wpex-inherit-color wpex-no-underline wpex-flex wpex-items-center wpex-mb-30 wpex-text-left vcex_69d92b310a3f7\" href=\"https:\/\/www.diemmefiltration.com\/wp-content\/uploads\/2022\/08\/pompe_eng.pdf\" target=\"_blank\" rel=\"noopener noreferrer\"><div class=\"vcex-icon-box-symbol vcex-icon-box-symbol--image wpex-flex-shrink-0 wpex-mr-20\"><img loading=\"lazy\" class=\"vcex-icon-box-image wpex-align-middle\" decoding=\"async\" src=\"https:\/\/www.diemmefiltration.com\/wp-content\/uploads\/2022\/02\/mdi_download-outline-45x45.png\" alt=\"\" srcset=\"https:\/\/www.diemmefiltration.com\/wp-content\/uploads\/2022\/02\/mdi_download-outline-45x45.png 45w, https:\/\/www.diemmefiltration.com\/wp-content\/uploads\/2022\/02\/mdi_download-outline.png 90w, https:\/\/www.diemmefiltration.com\/wp-content\/uploads\/2022\/02\/mdi_download-outline-45x45@2x.png 2x\" width=\"45\" height=\"45\"><\/div><div class=\"vcex-icon-box-text wpex-flex-grow\"><div class=\"vcex-icon-box-heading wpex-heading\">Pompes<\/div><div class=\"vcex-icon-box-content wpex-last-mb-0 wpex-clr\"><p>T\u00e9l\u00e9charger (PDF)<\/p>\n<\/div><\/div><\/a>[\/vc_column][\/vc_row]\n<\/div>","protected":false},"excerpt":{"rendered":"<p>[vc_row][vc_column][\/vc_column][\/vc_row][vc_row css=\u00a0\u00bb.vc_custom_1644395982418{padding-bottom: 30px !important;}\u00a0\u00bb][vc_column width=\u00a0\u00bb5\/6&Prime; offset=\u00a0\u00bbvc_col-md-8&Prime;][vc_column_text css=\u00a0\u00bb.vc_custom_1670409555717{margin-bottom: 30px !important;}\u00a0\u00bb]Vous pouvez t\u00e9l\u00e9charger les fiches produits des filtres-presses et \u00e9paississeurs de Diemme Filtration ci-dessous.[\/vc_column_text][\/vc_column][vc_column][\/vc_column][\/vc_row]<\/p>\n","protected":false},"author":1,"featured_media":0,"parent":0,"menu_order":0,"comment_status":"closed","ping_status":"closed","template":"","meta":{"_acf_changed":false,"inline_featured_image":false,"footnotes":""},"class_list":["post-4545","page","type-page","status-publish","hentry","entry","no-media"],"acf":[],"yoast_head":"<!-- This site is optimized with the Yoast SEO plugin v27.3 - https:\/\/yoast.com\/product\/yoast-seo-wordpress\/ -->\n<title>Tous les documents \u00e0 t\u00e9l\u00e9charger &#187; Diemme Filtration<\/title>\n<meta name=\"description\" content=\"D\u00e9couvrez tous les documents t\u00e9l\u00e9chargeables de Diemme Filtration.\" \/>\n<meta name=\"robots\" content=\"index, follow, max-snippet:-1, max-image-preview:large, max-video-preview:-1\" \/>\n<meta property=\"og:locale\" content=\"fr_FR\" \/>\n<meta property=\"og:type\" content=\"article\" \/>\n<meta property=\"og:title\" content=\"Tous les documents \u00e0 t\u00e9l\u00e9charger &#187; Diemme Filtration\" \/>\n<meta property=\"og:description\" content=\"D\u00e9couvrez tous les documents t\u00e9l\u00e9chargeables de Diemme Filtration.\" \/>\n<meta property=\"og:url\" content=\"https:\/\/www.diemmefiltration.com\/fr\/telechargement\/\" \/>\n<meta property=\"og:site_name\" content=\"Diemme Filtration\" \/>\n<meta property=\"article:publisher\" content=\"https:\/\/www.facebook.com\/diemmefiltration\/\" \/>\n<meta property=\"article:modified_time\" content=\"2025-03-18T14:45:38+00:00\" \/>\n<meta property=\"og:image\" content=\"https:\/\/www.diemmefiltration.com\/wp-content\/uploads\/2022\/02\/slider-home-1.jpg\" \/>\n\t<meta property=\"og:image:width\" content=\"1600\" \/>\n\t<meta property=\"og:image:height\" content=\"800\" \/>\n\t<meta property=\"og:image:type\" content=\"image\/jpeg\" \/>\n<meta name=\"twitter:card\" content=\"summary_large_image\" \/>\n<script type=\"application\/ld+json\" class=\"yoast-schema-graph\">{\"@context\":\"https:\\\/\\\/schema.org\",\"@graph\":[{\"@type\":\"WebPage\",\"@id\":\"https:\\\/\\\/www.diemmefiltration.com\\\/fr\\\/telechargement\\\/\",\"url\":\"https:\\\/\\\/www.diemmefiltration.com\\\/fr\\\/telechargement\\\/\",\"name\":\"Tous les documents \u00e0 t\u00e9l\u00e9charger &#187; Diemme Filtration\",\"isPartOf\":{\"@id\":\"https:\\\/\\\/www.diemmefiltration.com\\\/fr\\\/#website\"},\"datePublished\":\"2022-01-18T11:01:06+00:00\",\"dateModified\":\"2025-03-18T14:45:38+00:00\",\"description\":\"D\u00e9couvrez tous les documents t\u00e9l\u00e9chargeables de Diemme Filtration.\",\"breadcrumb\":{\"@id\":\"https:\\\/\\\/www.diemmefiltration.com\\\/fr\\\/telechargement\\\/#breadcrumb\"},\"inLanguage\":\"fr-FR\",\"potentialAction\":[{\"@type\":\"ReadAction\",\"target\":[\"https:\\\/\\\/www.diemmefiltration.com\\\/fr\\\/telechargement\\\/\"]}]},{\"@type\":\"BreadcrumbList\",\"@id\":\"https:\\\/\\\/www.diemmefiltration.com\\\/fr\\\/telechargement\\\/#breadcrumb\",\"itemListElement\":[{\"@type\":\"ListItem\",\"position\":1,\"name\":\"Home\",\"item\":\"https:\\\/\\\/www.diemmefiltration.com\\\/fr\\\/\"},{\"@type\":\"ListItem\",\"position\":2,\"name\":\"T\u00e9l\u00e9chargement\"}]},{\"@type\":\"WebSite\",\"@id\":\"https:\\\/\\\/www.diemmefiltration.com\\\/fr\\\/#website\",\"url\":\"https:\\\/\\\/www.diemmefiltration.com\\\/fr\\\/\",\"name\":\"Diemme Filtration\",\"description\":\"\",\"publisher\":{\"@id\":\"https:\\\/\\\/www.diemmefiltration.com\\\/fr\\\/#organization\"},\"potentialAction\":[{\"@type\":\"SearchAction\",\"target\":{\"@type\":\"EntryPoint\",\"urlTemplate\":\"https:\\\/\\\/www.diemmefiltration.com\\\/fr\\\/?s={search_term_string}\"},\"query-input\":{\"@type\":\"PropertyValueSpecification\",\"valueRequired\":true,\"valueName\":\"search_term_string\"}}],\"inLanguage\":\"fr-FR\"},{\"@type\":\"Organization\",\"@id\":\"https:\\\/\\\/www.diemmefiltration.com\\\/fr\\\/#organization\",\"name\":\"Aqseptence Group Srl (Diemme Filtration)\",\"url\":\"https:\\\/\\\/www.diemmefiltration.com\\\/fr\\\/\",\"logo\":{\"@type\":\"ImageObject\",\"inLanguage\":\"fr-FR\",\"@id\":\"https:\\\/\\\/www.diemmefiltration.com\\\/fr\\\/#\\\/schema\\\/logo\\\/image\\\/\",\"url\":\"https:\\\/\\\/www.diemmefiltration.com\\\/wp-content\\\/uploads\\\/2022\\\/01\\\/diemme-filtration.png\",\"contentUrl\":\"https:\\\/\\\/www.diemmefiltration.com\\\/wp-content\\\/uploads\\\/2022\\\/01\\\/diemme-filtration.png\",\"width\":359,\"height\":188,\"caption\":\"Aqseptence Group Srl (Diemme Filtration)\"},\"image\":{\"@id\":\"https:\\\/\\\/www.diemmefiltration.com\\\/fr\\\/#\\\/schema\\\/logo\\\/image\\\/\"},\"sameAs\":[\"https:\\\/\\\/www.facebook.com\\\/diemmefiltration\\\/\",\"https:\\\/\\\/www.instagram.com\\\/diemmefiltration\\\/\",\"https:\\\/\\\/it.linkedin.com\\\/company\\\/diemme-filtration\\\/\",\"https:\\\/\\\/www.youtube.com\\\/channel\\\/UCikKsHCOe_iBLGg9k_1yr8g\\\/\"]}]}<\/script>\n<!-- \/ Yoast SEO plugin. -->","yoast_head_json":{"title":"Tous les documents \u00e0 t\u00e9l\u00e9charger &#187; Diemme Filtration","description":"D\u00e9couvrez tous les documents t\u00e9l\u00e9chargeables de Diemme Filtration.","robots":{"index":"index","follow":"follow","max-snippet":"max-snippet:-1","max-image-preview":"max-image-preview:large","max-video-preview":"max-video-preview:-1"},"og_locale":"fr_FR","og_type":"article","og_title":"Tous les documents \u00e0 t\u00e9l\u00e9charger &#187; Diemme Filtration","og_description":"D\u00e9couvrez tous les documents t\u00e9l\u00e9chargeables de Diemme Filtration.","og_url":"https:\/\/www.diemmefiltration.com\/fr\/telechargement\/","og_site_name":"Diemme Filtration","article_publisher":"https:\/\/www.facebook.com\/diemmefiltration\/","article_modified_time":"2025-03-18T14:45:38+00:00","og_image":[{"width":1600,"height":800,"url":"https:\/\/www.diemmefiltration.com\/wp-content\/uploads\/2022\/02\/slider-home-1.jpg","type":"image\/jpeg"}],"twitter_card":"summary_large_image","schema":{"@context":"https:\/\/schema.org","@graph":[{"@type":"WebPage","@id":"https:\/\/www.diemmefiltration.com\/fr\/telechargement\/","url":"https:\/\/www.diemmefiltration.com\/fr\/telechargement\/","name":"Tous les documents \u00e0 t\u00e9l\u00e9charger &#187; Diemme Filtration","isPartOf":{"@id":"https:\/\/www.diemmefiltration.com\/fr\/#website"},"datePublished":"2022-01-18T11:01:06+00:00","dateModified":"2025-03-18T14:45:38+00:00","description":"D\u00e9couvrez tous les documents t\u00e9l\u00e9chargeables de Diemme Filtration.","breadcrumb":{"@id":"https:\/\/www.diemmefiltration.com\/fr\/telechargement\/#breadcrumb"},"inLanguage":"fr-FR","potentialAction":[{"@type":"ReadAction","target":["https:\/\/www.diemmefiltration.com\/fr\/telechargement\/"]}]},{"@type":"BreadcrumbList","@id":"https:\/\/www.diemmefiltration.com\/fr\/telechargement\/#breadcrumb","itemListElement":[{"@type":"ListItem","position":1,"name":"Home","item":"https:\/\/www.diemmefiltration.com\/fr\/"},{"@type":"ListItem","position":2,"name":"T\u00e9l\u00e9chargement"}]},{"@type":"WebSite","@id":"https:\/\/www.diemmefiltration.com\/fr\/#website","url":"https:\/\/www.diemmefiltration.com\/fr\/","name":"Diemme Filtration","description":"","publisher":{"@id":"https:\/\/www.diemmefiltration.com\/fr\/#organization"},"potentialAction":[{"@type":"SearchAction","target":{"@type":"EntryPoint","urlTemplate":"https:\/\/www.diemmefiltration.com\/fr\/?s={search_term_string}"},"query-input":{"@type":"PropertyValueSpecification","valueRequired":true,"valueName":"search_term_string"}}],"inLanguage":"fr-FR"},{"@type":"Organization","@id":"https:\/\/www.diemmefiltration.com\/fr\/#organization","name":"Aqseptence Group Srl (Diemme Filtration)","url":"https:\/\/www.diemmefiltration.com\/fr\/","logo":{"@type":"ImageObject","inLanguage":"fr-FR","@id":"https:\/\/www.diemmefiltration.com\/fr\/#\/schema\/logo\/image\/","url":"https:\/\/www.diemmefiltration.com\/wp-content\/uploads\/2022\/01\/diemme-filtration.png","contentUrl":"https:\/\/www.diemmefiltration.com\/wp-content\/uploads\/2022\/01\/diemme-filtration.png","width":359,"height":188,"caption":"Aqseptence Group Srl (Diemme Filtration)"},"image":{"@id":"https:\/\/www.diemmefiltration.com\/fr\/#\/schema\/logo\/image\/"},"sameAs":["https:\/\/www.facebook.com\/diemmefiltration\/","https:\/\/www.instagram.com\/diemmefiltration\/","https:\/\/it.linkedin.com\/company\/diemme-filtration\/","https:\/\/www.youtube.com\/channel\/UCikKsHCOe_iBLGg9k_1yr8g\/"]}]}},"_links":{"self":[{"href":"https:\/\/www.diemmefiltration.com\/fr\/wp-json\/wp\/v2\/pages\/4545","targetHints":{"allow":["GET"]}}],"collection":[{"href":"https:\/\/www.diemmefiltration.com\/fr\/wp-json\/wp\/v2\/pages"}],"about":[{"href":"https:\/\/www.diemmefiltration.com\/fr\/wp-json\/wp\/v2\/types\/page"}],"author":[{"embeddable":true,"href":"https:\/\/www.diemmefiltration.com\/fr\/wp-json\/wp\/v2\/users\/1"}],"replies":[{"embeddable":true,"href":"https:\/\/www.diemmefiltration.com\/fr\/wp-json\/wp\/v2\/comments?post=4545"}],"version-history":[{"count":4,"href":"https:\/\/www.diemmefiltration.com\/fr\/wp-json\/wp\/v2\/pages\/4545\/revisions"}],"predecessor-version":[{"id":10672,"href":"https:\/\/www.diemmefiltration.com\/fr\/wp-json\/wp\/v2\/pages\/4545\/revisions\/10672"}],"wp:attachment":[{"href":"https:\/\/www.diemmefiltration.com\/fr\/wp-json\/wp\/v2\/media?parent=4545"}],"curies":[{"name":"wp","href":"https:\/\/api.w.org\/{rel}","templated":true}]}}