{"id":6820,"date":"2022-01-26T10:40:54","date_gmt":"2022-01-26T09:40:54","guid":{"rendered":"https:\/\/www.diemmefiltration.com\/terms-and-conditions\/"},"modified":"2024-12-04T16:36:54","modified_gmt":"2024-12-04T15:36:54","slug":"termos-e-condicoes","status":"publish","type":"page","link":"https:\/\/www.diemmefiltration.com\/pt-pt\/termos-e-condicoes\/","title":{"rendered":"Termos e condi\u00e7\u00f5es"},"content":{"rendered":"<div class=\"wpb-content-wrapper\">[vc_row][vc_column]<style>.vcex-breadcrumbs.vcex_69d4e20a12a35{font-size:14px;}<\/style><nav class=\"vcex-breadcrumbs vcex-breadcrumbs--links-inherit-color wpex-mb-40 vc_custom_1644222626347 vcex_69d4e20a12a35\"><span class=\"trail-begin\"><a href=\"https:\/\/www.diemmefiltration.com\/pt-pt\/\" rel=\"home\"><span>Home<\/span><\/a><\/span><\/nav><h1 class=\"vcex-heading vcex-heading-plain vcex-module wpex-heading wpex-text-2xl wpex-h1 wpex-mb-50 wpex-text-center\"><span class=\"vcex-heading-inner wpex-inline-block\">Termos e Condi\u00e7\u00f5es<\/span><\/h1>[\/vc_column][\/vc_row][vc_row css=&#8221;.vc_custom_1643729272946{padding-bottom: 30px !important;}&#8221;][vc_column]<style>.vcex-icon-box.vcex_69d4e20a143da .vcex-icon-box-content{color:var(--wpex-accent);}.vcex-icon-box.vcex_69d4e20a143da .vcex-icon-box-heading{margin-bottom:0px;color:#191919;font-size:18px;font-family:'Roboto Slab', sans-serif;font-weight:400;}.vcex-icon-box.vcex_69d4e20a143da .vcex-icon-box-image{width:45px;}<\/style><a class=\"vcex-module vcex-icon-box vcex-icon-box-one vcex-icon-box-has-link wpex-inherit-color wpex-no-underline wpex-flex wpex-items-center wpex-mb-30 wpex-text-left vcex_69d4e20a143da\" href=\"https:\/\/www.diemmefiltration.com\/wp-content\/uploads\/2023\/12\/General-Purchase-conditions-Diemme-Filtration-ENG_rev2023.pdf\" target=\"_blank\" rel=\"noopener noreferrer\"><div class=\"vcex-icon-box-symbol vcex-icon-box-symbol--image wpex-flex-shrink-0 wpex-mr-20\"><img loading=\"lazy\" class=\"vcex-icon-box-image wpex-align-middle\" decoding=\"async\" src=\"https:\/\/www.diemmefiltration.com\/wp-content\/uploads\/2022\/02\/mdi_download-outline-45x45.png\" alt=\"\" srcset=\"https:\/\/www.diemmefiltration.com\/wp-content\/uploads\/2022\/02\/mdi_download-outline-45x45.png 45w, https:\/\/www.diemmefiltration.com\/wp-content\/uploads\/2022\/02\/mdi_download-outline.png 90w, https:\/\/www.diemmefiltration.com\/wp-content\/uploads\/2022\/02\/mdi_download-outline-45x45@2x.png 2x\" width=\"45\" height=\"45\"><\/div><div class=\"vcex-icon-box-text wpex-flex-grow\"><div class=\"vcex-icon-box-heading wpex-heading\">Condi\u00e7\u00f5es gerais de compra<\/div><div class=\"vcex-icon-box-content wpex-last-mb-0 wpex-clr\"><p>Download (PDF, 113 KB)<\/p>\n<\/div><\/div><\/a><style>.vcex-icon-box.vcex_69d4e20a16e3e .vcex-icon-box-content{color:var(--wpex-accent);}.vcex-icon-box.vcex_69d4e20a16e3e .vcex-icon-box-heading{margin-bottom:0px;color:#191919;font-size:18px;font-family:'Roboto Slab', sans-serif;font-weight:400;}.vcex-icon-box.vcex_69d4e20a16e3e .vcex-icon-box-image{width:45px;}<\/style><a class=\"vcex-module vcex-icon-box vcex-icon-box-one vcex-icon-box-has-link wpex-inherit-color wpex-no-underline wpex-flex wpex-items-center wpex-mb-30 wpex-text-left vcex_69d4e20a16e3e\" href=\"https:\/\/www.diemmefiltration.com\/wp-content\/uploads\/2024\/12\/Aqseptence-Group_Code-of-Conduct_2019_December.pdf\" target=\"_blank\" rel=\"noopener noreferrer\"><div class=\"vcex-icon-box-symbol vcex-icon-box-symbol--image wpex-flex-shrink-0 wpex-mr-20\"><img loading=\"lazy\" class=\"vcex-icon-box-image wpex-align-middle\" decoding=\"async\" src=\"https:\/\/www.diemmefiltration.com\/wp-content\/uploads\/2022\/02\/mdi_download-outline-45x45.png\" alt=\"\" srcset=\"https:\/\/www.diemmefiltration.com\/wp-content\/uploads\/2022\/02\/mdi_download-outline-45x45.png 45w, https:\/\/www.diemmefiltration.com\/wp-content\/uploads\/2022\/02\/mdi_download-outline.png 90w, https:\/\/www.diemmefiltration.com\/wp-content\/uploads\/2022\/02\/mdi_download-outline-45x45@2x.png 2x\" width=\"45\" height=\"45\"><\/div><div class=\"vcex-icon-box-text wpex-flex-grow\"><div class=\"vcex-icon-box-heading wpex-heading\">C\u00f3digo de Conduta (Aqseptence Group)<\/div><div class=\"vcex-icon-box-content wpex-last-mb-0 wpex-clr\"><p>Download (PDF, 177 KB)<\/p>\n<\/div><\/div><\/a><style>.vcex-icon-box.vcex_69d4e20a17862 .vcex-icon-box-content{color:var(--wpex-accent);}.vcex-icon-box.vcex_69d4e20a17862 .vcex-icon-box-heading{margin-bottom:0px;color:#191919;font-size:18px;font-family:'Roboto Slab', sans-serif;font-weight:400;}.vcex-icon-box.vcex_69d4e20a17862 .vcex-icon-box-image{width:45px;}<\/style><a class=\"vcex-module vcex-icon-box vcex-icon-box-one vcex-icon-box-has-link wpex-inherit-color wpex-no-underline wpex-flex wpex-items-center wpex-mb-30 wpex-text-left vcex_69d4e20a17862\" href=\"https:\/\/www.diemmefiltration.com\/wp-content\/uploads\/2022\/04\/Code-of-Conduct-Aqseptence-Group.pdf\" target=\"_blank\" rel=\"noopener noreferrer\"><div class=\"vcex-icon-box-symbol vcex-icon-box-symbol--image wpex-flex-shrink-0 wpex-mr-20\"><img loading=\"lazy\" class=\"vcex-icon-box-image wpex-align-middle\" decoding=\"async\" src=\"https:\/\/www.diemmefiltration.com\/wp-content\/uploads\/2022\/02\/mdi_download-outline-45x45.png\" alt=\"\" srcset=\"https:\/\/www.diemmefiltration.com\/wp-content\/uploads\/2022\/02\/mdi_download-outline-45x45.png 45w, https:\/\/www.diemmefiltration.com\/wp-content\/uploads\/2022\/02\/mdi_download-outline.png 90w, https:\/\/www.diemmefiltration.com\/wp-content\/uploads\/2022\/02\/mdi_download-outline-45x45@2x.png 2x\" width=\"45\" height=\"45\"><\/div><div class=\"vcex-icon-box-text wpex-flex-grow\"><div class=\"vcex-icon-box-heading wpex-heading\">C\u00f3digo de Conduta para Fornecedores<\/div><div class=\"vcex-icon-box-content wpex-last-mb-0 wpex-clr\"><p>Download (PDF, 36 KB)<\/p>\n<\/div><\/div><\/a><style>.vcex-icon-box.vcex_69d4e20a18394 .vcex-icon-box-content{color:var(--wpex-accent);}.vcex-icon-box.vcex_69d4e20a18394 .vcex-icon-box-heading{margin-bottom:0px;color:#191919;font-size:18px;font-family:'Roboto Slab', sans-serif;font-weight:400;}.vcex-icon-box.vcex_69d4e20a18394 .vcex-icon-box-image{width:45px;}<\/style><a class=\"vcex-module vcex-icon-box vcex-icon-box-one vcex-icon-box-has-link wpex-inherit-color wpex-no-underline wpex-flex wpex-items-center wpex-mb-30 wpex-text-left vcex_69d4e20a18394\" href=\"https:\/\/www.diemmefiltration.com\/wp-content\/uploads\/2024\/03\/TC-of-Sales-EN-Diemme-Filtration-S.r.l.-Italy_20_03_2024.pdf\" target=\"_blank\" rel=\"noopener noreferrer\"><div class=\"vcex-icon-box-symbol vcex-icon-box-symbol--image wpex-flex-shrink-0 wpex-mr-20\"><img loading=\"lazy\" class=\"vcex-icon-box-image wpex-align-middle\" decoding=\"async\" src=\"https:\/\/www.diemmefiltration.com\/wp-content\/uploads\/2022\/02\/mdi_download-outline-45x45.png\" alt=\"\" srcset=\"https:\/\/www.diemmefiltration.com\/wp-content\/uploads\/2022\/02\/mdi_download-outline-45x45.png 45w, https:\/\/www.diemmefiltration.com\/wp-content\/uploads\/2022\/02\/mdi_download-outline.png 90w, https:\/\/www.diemmefiltration.com\/wp-content\/uploads\/2022\/02\/mdi_download-outline-45x45@2x.png 2x\" width=\"45\" height=\"45\"><\/div><div class=\"vcex-icon-box-text wpex-flex-grow\"><div class=\"vcex-icon-box-heading wpex-heading\">Condi\u00e7\u00f5es padr\u00e3o de venda<\/div><div class=\"vcex-icon-box-content wpex-last-mb-0 wpex-clr\"><p>Download (PDF, 137 KB)<\/p>\n<\/div><\/div><\/a><style>.vcex-icon-box.vcex_69d4e20a18d54 .vcex-icon-box-content{color:var(--wpex-accent);}.vcex-icon-box.vcex_69d4e20a18d54 .vcex-icon-box-heading{margin-bottom:0px;color:#191919;font-size:18px;font-family:'Roboto Slab', sans-serif;font-weight:400;}.vcex-icon-box.vcex_69d4e20a18d54 .vcex-icon-box-image{width:45px;}<\/style><a class=\"vcex-module vcex-icon-box vcex-icon-box-one vcex-icon-box-has-link wpex-inherit-color wpex-no-underline wpex-flex wpex-items-center wpex-mb-30 wpex-text-left vcex_69d4e20a18d54\" href=\"https:\/\/www.diemmefiltration.com\/wp-content\/uploads\/2022\/09\/12-18-months-warranty-Diemme_Filtration-eng.pdf\" target=\"_blank\" rel=\"noopener noreferrer\"><div class=\"vcex-icon-box-symbol vcex-icon-box-symbol--image wpex-flex-shrink-0 wpex-mr-20\"><img loading=\"lazy\" class=\"vcex-icon-box-image wpex-align-middle\" decoding=\"async\" src=\"https:\/\/www.diemmefiltration.com\/wp-content\/uploads\/2022\/02\/mdi_download-outline-45x45.png\" alt=\"\" srcset=\"https:\/\/www.diemmefiltration.com\/wp-content\/uploads\/2022\/02\/mdi_download-outline-45x45.png 45w, https:\/\/www.diemmefiltration.com\/wp-content\/uploads\/2022\/02\/mdi_download-outline.png 90w, https:\/\/www.diemmefiltration.com\/wp-content\/uploads\/2022\/02\/mdi_download-outline-45x45@2x.png 2x\" width=\"45\" height=\"45\"><\/div><div class=\"vcex-icon-box-text wpex-flex-grow\"><div class=\"vcex-icon-box-heading wpex-heading\">Garantia de 12\/18 meses<\/div><div class=\"vcex-icon-box-content wpex-last-mb-0 wpex-clr\"><p>Download (PDF, 116 KB)<\/p>\n<\/div><\/div><\/a>[\/vc_column][\/vc_row][vc_row remove_bottom_col_margin=&#8221;true&#8221;][vc_column]<div class=\"templatera_shortcode\"><style type=\"text\/css\" data-type=\"vc_shortcodes-custom-css\">.vc_custom_1644307626027{padding-top: 90px !important;padding-bottom: 90px !important;background-image: url(https:\/\/www.diemmefiltration.com\/wp-content\/uploads\/2022\/01\/CTA-academy-diemme.jpg?id=553) !important;background-position: center !important;background-repeat: no-repeat !important;background-size: cover !important;}<\/style><div class=\"vc_row wpb_row vc_row-fluid vc_custom_1644307626027 wpex-vc-full-width-row wpex-vc-full-width-row--centered wpex-relative wpex-vc_row-has-fill no-bottom-margins wpex-vc-reset-negative-margin wpex-has-overlay wpex-has-overlay--69d4e20a1a2cc\"><div class=\"wpex-bg-overlay-wrap wpex-absolute wpex-inset-0 wpex-rounded-inherit\"><style class=\"wpex-bg-overlay-css\">.wpex-has-overlay--69d4e20a1a2cc > .wpex-bg-overlay-wrap .wpex-bg-overlay{background-color:#000000;opacity:0.3;}<\/style><span class=\"wpex-bg-overlay color wpex-absolute wpex-inset-0 wpex-rounded-inherit wpex-duration-500 wpex-opacity-60 wpex-bg-black\"><\/span><\/div><div class=\"wpb_column vc_column_container vc_col-sm-12\"><div class=\"vc_column-inner\"><div class=\"wpb_wrapper\"><style>.vcex-heading.vcex_69d4e20a1ab8a{color:#ffffff;font-size:65px;}@media (max-width:1024px){.vcex-heading.vcex_69d4e20a1ab8a{font-size:60px;}}@media (max-width:959px){.vcex-heading.vcex_69d4e20a1ab8a{font-size:55px;}}@media (max-width:767px){.vcex-heading.vcex_69d4e20a1ab8a{font-size:40px;}}<\/style><h3 class=\"vcex-heading vcex-heading-plain vcex-module wpex-heading wpex-text-2xl wpex-h3 wpex-mb-50 wpex-text-center vcex_69d4e20a1ab8a\"><span class=\"vcex-heading-inner wpex-inline-block\">Descubra nossa Academia<\/span><\/h3><div class=\"theme-button-wrap textcenter wpex-clr\"><a href=\"https:\/\/academy.diemmefiltration.com\/pt\/acessar\/\" class=\"vcex-button theme-button align-center inline white-border\" title=\"Academy\" target=\"_blank\" rel=\"noopener noreferrer\"><span class=\"vcex-button-inner theme-button-inner wpex-flex wpex-flex-wrap wpex-items-center wpex-justify-center\">Ir<span class=\"vcex-button-icon vcex-icon-wrap theme-button-icon-right\"><span aria-hidden=\"true\" class=\"vc-material vc-material-arrow_forward\"><\/span><\/span><\/span><\/a><\/div> <\/div><\/div><\/div><\/div><\/div>[\/vc_column][\/vc_row]\n<\/div>","protected":false},"excerpt":{"rendered":"HomeTermos e Condi\u00e7\u00f5esCondi\u00e7\u00f5es gerais de compraDownload (PDF, 113 KB) C\u00f3digo de Conduta (Aqseptence Group)Download (PDF, 177 KB) C\u00f3digo de Conduta para FornecedoresDownload (PDF, 36 KB) Condi\u00e7\u00f5es padr\u00e3o de vendaDownload (PDF, 137 KB) Garantia de 12\/18 mesesDownload (PDF, 116 KB) Descubra nossa AcademiaIr","protected":false},"author":1,"featured_media":0,"parent":0,"menu_order":0,"comment_status":"closed","ping_status":"closed","template":"","meta":{"_acf_changed":false,"inline_featured_image":false,"footnotes":""},"class_list":["post-6820","page","type-page","status-publish","hentry","entry","no-media"],"acf":[],"yoast_head":"<!-- This site is optimized with the Yoast SEO plugin v27.3 - https:\/\/yoast.com\/product\/yoast-seo-wordpress\/ -->\n<title>Termos e condi\u00e7\u00f5es &#187; Diemme Filtration<\/title>\n<meta name=\"robots\" content=\"index, follow, max-snippet:-1, max-image-preview:large, max-video-preview:-1\" \/>\n<meta property=\"og:locale\" content=\"pt_PT\" \/>\n<meta property=\"og:type\" content=\"article\" \/>\n<meta property=\"og:title\" content=\"Termos e condi\u00e7\u00f5es &#187; Diemme Filtration\" \/>\n<meta property=\"og:url\" content=\"https:\/\/www.diemmefiltration.com\/pt-pt\/termos-e-condicoes\/\" \/>\n<meta property=\"og:site_name\" content=\"Diemme Filtration\" \/>\n<meta property=\"article:publisher\" content=\"https:\/\/www.facebook.com\/diemmefiltration\/\" \/>\n<meta property=\"article:modified_time\" content=\"2024-12-04T15:36:54+00:00\" \/>\n<meta property=\"og:image\" content=\"https:\/\/www.diemmefiltration.com\/wp-content\/uploads\/2022\/02\/slider-home-1.jpg\" \/>\n\t<meta property=\"og:image:width\" content=\"1600\" \/>\n\t<meta property=\"og:image:height\" content=\"800\" \/>\n\t<meta property=\"og:image:type\" content=\"image\/jpeg\" \/>\n<meta name=\"twitter:card\" content=\"summary_large_image\" \/>\n<script type=\"application\/ld+json\" class=\"yoast-schema-graph\">{\"@context\":\"https:\\\/\\\/schema.org\",\"@graph\":[{\"@type\":\"WebPage\",\"@id\":\"https:\\\/\\\/www.diemmefiltration.com\\\/pt-pt\\\/termos-e-condicoes\\\/\",\"url\":\"https:\\\/\\\/www.diemmefiltration.com\\\/pt-pt\\\/termos-e-condicoes\\\/\",\"name\":\"Termos e condi\u00e7\u00f5es &#187; Diemme Filtration\",\"isPartOf\":{\"@id\":\"https:\\\/\\\/www.diemmefiltration.com\\\/pt-pt\\\/#website\"},\"datePublished\":\"2022-01-26T09:40:54+00:00\",\"dateModified\":\"2024-12-04T15:36:54+00:00\",\"breadcrumb\":{\"@id\":\"https:\\\/\\\/www.diemmefiltration.com\\\/pt-pt\\\/termos-e-condicoes\\\/#breadcrumb\"},\"inLanguage\":\"pt-PT\",\"potentialAction\":[{\"@type\":\"ReadAction\",\"target\":[\"https:\\\/\\\/www.diemmefiltration.com\\\/pt-pt\\\/termos-e-condicoes\\\/\"]}]},{\"@type\":\"BreadcrumbList\",\"@id\":\"https:\\\/\\\/www.diemmefiltration.com\\\/pt-pt\\\/termos-e-condicoes\\\/#breadcrumb\",\"itemListElement\":[{\"@type\":\"ListItem\",\"position\":1,\"name\":\"Home\",\"item\":\"https:\\\/\\\/www.diemmefiltration.com\\\/pt-pt\\\/\"},{\"@type\":\"ListItem\",\"position\":2,\"name\":\"Termos e condi\u00e7\u00f5es\"}]},{\"@type\":\"WebSite\",\"@id\":\"https:\\\/\\\/www.diemmefiltration.com\\\/pt-pt\\\/#website\",\"url\":\"https:\\\/\\\/www.diemmefiltration.com\\\/pt-pt\\\/\",\"name\":\"Diemme Filtration\",\"description\":\"\",\"publisher\":{\"@id\":\"https:\\\/\\\/www.diemmefiltration.com\\\/pt-pt\\\/#organization\"},\"potentialAction\":[{\"@type\":\"SearchAction\",\"target\":{\"@type\":\"EntryPoint\",\"urlTemplate\":\"https:\\\/\\\/www.diemmefiltration.com\\\/pt-pt\\\/?s={search_term_string}\"},\"query-input\":{\"@type\":\"PropertyValueSpecification\",\"valueRequired\":true,\"valueName\":\"search_term_string\"}}],\"inLanguage\":\"pt-PT\"},{\"@type\":\"Organization\",\"@id\":\"https:\\\/\\\/www.diemmefiltration.com\\\/pt-pt\\\/#organization\",\"name\":\"Aqseptence Group Srl (Diemme Filtration)\",\"url\":\"https:\\\/\\\/www.diemmefiltration.com\\\/pt-pt\\\/\",\"logo\":{\"@type\":\"ImageObject\",\"inLanguage\":\"pt-PT\",\"@id\":\"https:\\\/\\\/www.diemmefiltration.com\\\/pt-pt\\\/#\\\/schema\\\/logo\\\/image\\\/\",\"url\":\"https:\\\/\\\/www.diemmefiltration.com\\\/wp-content\\\/uploads\\\/2022\\\/01\\\/diemme-filtration.png\",\"contentUrl\":\"https:\\\/\\\/www.diemmefiltration.com\\\/wp-content\\\/uploads\\\/2022\\\/01\\\/diemme-filtration.png\",\"width\":359,\"height\":188,\"caption\":\"Aqseptence Group Srl (Diemme Filtration)\"},\"image\":{\"@id\":\"https:\\\/\\\/www.diemmefiltration.com\\\/pt-pt\\\/#\\\/schema\\\/logo\\\/image\\\/\"},\"sameAs\":[\"https:\\\/\\\/www.facebook.com\\\/diemmefiltration\\\/\",\"https:\\\/\\\/www.instagram.com\\\/diemmefiltration\\\/\",\"https:\\\/\\\/it.linkedin.com\\\/company\\\/diemme-filtration\\\/\",\"https:\\\/\\\/www.youtube.com\\\/channel\\\/UCikKsHCOe_iBLGg9k_1yr8g\\\/\"]}]}<\/script>\n<!-- \/ Yoast SEO plugin. -->","yoast_head_json":{"title":"Termos e condi\u00e7\u00f5es &#187; Diemme Filtration","robots":{"index":"index","follow":"follow","max-snippet":"max-snippet:-1","max-image-preview":"max-image-preview:large","max-video-preview":"max-video-preview:-1"},"og_locale":"pt_PT","og_type":"article","og_title":"Termos e condi\u00e7\u00f5es &#187; Diemme Filtration","og_url":"https:\/\/www.diemmefiltration.com\/pt-pt\/termos-e-condicoes\/","og_site_name":"Diemme Filtration","article_publisher":"https:\/\/www.facebook.com\/diemmefiltration\/","article_modified_time":"2024-12-04T15:36:54+00:00","og_image":[{"width":1600,"height":800,"url":"https:\/\/www.diemmefiltration.com\/wp-content\/uploads\/2022\/02\/slider-home-1.jpg","type":"image\/jpeg"}],"twitter_card":"summary_large_image","schema":{"@context":"https:\/\/schema.org","@graph":[{"@type":"WebPage","@id":"https:\/\/www.diemmefiltration.com\/pt-pt\/termos-e-condicoes\/","url":"https:\/\/www.diemmefiltration.com\/pt-pt\/termos-e-condicoes\/","name":"Termos e condi\u00e7\u00f5es &#187; Diemme Filtration","isPartOf":{"@id":"https:\/\/www.diemmefiltration.com\/pt-pt\/#website"},"datePublished":"2022-01-26T09:40:54+00:00","dateModified":"2024-12-04T15:36:54+00:00","breadcrumb":{"@id":"https:\/\/www.diemmefiltration.com\/pt-pt\/termos-e-condicoes\/#breadcrumb"},"inLanguage":"pt-PT","potentialAction":[{"@type":"ReadAction","target":["https:\/\/www.diemmefiltration.com\/pt-pt\/termos-e-condicoes\/"]}]},{"@type":"BreadcrumbList","@id":"https:\/\/www.diemmefiltration.com\/pt-pt\/termos-e-condicoes\/#breadcrumb","itemListElement":[{"@type":"ListItem","position":1,"name":"Home","item":"https:\/\/www.diemmefiltration.com\/pt-pt\/"},{"@type":"ListItem","position":2,"name":"Termos e condi\u00e7\u00f5es"}]},{"@type":"WebSite","@id":"https:\/\/www.diemmefiltration.com\/pt-pt\/#website","url":"https:\/\/www.diemmefiltration.com\/pt-pt\/","name":"Diemme Filtration","description":"","publisher":{"@id":"https:\/\/www.diemmefiltration.com\/pt-pt\/#organization"},"potentialAction":[{"@type":"SearchAction","target":{"@type":"EntryPoint","urlTemplate":"https:\/\/www.diemmefiltration.com\/pt-pt\/?s={search_term_string}"},"query-input":{"@type":"PropertyValueSpecification","valueRequired":true,"valueName":"search_term_string"}}],"inLanguage":"pt-PT"},{"@type":"Organization","@id":"https:\/\/www.diemmefiltration.com\/pt-pt\/#organization","name":"Aqseptence Group Srl (Diemme Filtration)","url":"https:\/\/www.diemmefiltration.com\/pt-pt\/","logo":{"@type":"ImageObject","inLanguage":"pt-PT","@id":"https:\/\/www.diemmefiltration.com\/pt-pt\/#\/schema\/logo\/image\/","url":"https:\/\/www.diemmefiltration.com\/wp-content\/uploads\/2022\/01\/diemme-filtration.png","contentUrl":"https:\/\/www.diemmefiltration.com\/wp-content\/uploads\/2022\/01\/diemme-filtration.png","width":359,"height":188,"caption":"Aqseptence Group Srl (Diemme Filtration)"},"image":{"@id":"https:\/\/www.diemmefiltration.com\/pt-pt\/#\/schema\/logo\/image\/"},"sameAs":["https:\/\/www.facebook.com\/diemmefiltration\/","https:\/\/www.instagram.com\/diemmefiltration\/","https:\/\/it.linkedin.com\/company\/diemme-filtration\/","https:\/\/www.youtube.com\/channel\/UCikKsHCOe_iBLGg9k_1yr8g\/"]}]}},"_links":{"self":[{"href":"https:\/\/www.diemmefiltration.com\/pt-pt\/wp-json\/wp\/v2\/pages\/6820","targetHints":{"allow":["GET"]}}],"collection":[{"href":"https:\/\/www.diemmefiltration.com\/pt-pt\/wp-json\/wp\/v2\/pages"}],"about":[{"href":"https:\/\/www.diemmefiltration.com\/pt-pt\/wp-json\/wp\/v2\/types\/page"}],"author":[{"embeddable":true,"href":"https:\/\/www.diemmefiltration.com\/pt-pt\/wp-json\/wp\/v2\/users\/1"}],"replies":[{"embeddable":true,"href":"https:\/\/www.diemmefiltration.com\/pt-pt\/wp-json\/wp\/v2\/comments?post=6820"}],"version-history":[{"count":3,"href":"https:\/\/www.diemmefiltration.com\/pt-pt\/wp-json\/wp\/v2\/pages\/6820\/revisions"}],"predecessor-version":[{"id":9969,"href":"https:\/\/www.diemmefiltration.com\/pt-pt\/wp-json\/wp\/v2\/pages\/6820\/revisions\/9969"}],"wp:attachment":[{"href":"https:\/\/www.diemmefiltration.com\/pt-pt\/wp-json\/wp\/v2\/media?parent=6820"}],"curies":[{"name":"wp","href":"https:\/\/api.w.org\/{rel}","templated":true}]}}